{"id":328,"date":"2026-02-16T09:48:53","date_gmt":"2026-02-16T09:48:53","guid":{"rendered":"https:\/\/astute-orange-dog.185-102-78-46.cpanel.site\/?page_id=328"},"modified":"2026-02-16T11:16:19","modified_gmt":"2026-02-16T11:16:19","slug":"dokumenti","status":"publish","type":"page","link":"https:\/\/cees-montenegro.org\/en\/dokumenti\/","title":{"rendered":"Documents"},"content":{"rendered":"<div class=\"brz brz-root__container brz-reset-all brz-root__container-page\" >\n<section id=\"rwkadpsgtpxcqqvukxamuhyiqoznyivtcyej_rwkadpsgtpxcqqvukxamuhyiqoznyivtcyej\" class=\"brz-section brz-css-d-section brz-css-fmi555\">\n<div class=\"brz-section__content brz-section--boxed brz-css-d-sectionitem-bg brz-css-1jwk4qa\" data-brz-custom-id=\"phjxshkzfbccxgzdzinyvwxhaduqskjjgkbc\">\n<div class=\"brz-bg\">\n<div class=\"brz-bg-image\"><\/div>\n<div class=\"brz-bg-color\"><\/div>\n<\/div>\n<div class=\"brz-container brz-css-d-sectionitem-container brz-css-es24dk\">\n<div id=\"\" class=\"brz-css-d-wrapper brz-css-1qw5511 brz-wrapper\">\n<div class=\"brz-rich-text brz-rich-text__custom brz-css-d-richtext brz-css-8u2p29\" data-brz-custom-id=\"zxrsiwoomnurixosobmvnxtvxffhtcatsvwo\">\n<div data-brz-translate-text=\"1\">\n<p class=\"brz-tp-sm-heading2 brz-tp-lg-heading2 brz-text-lg-center brz-tp-xs-heading2 brz-css-lJMq6\" data-generated-css=\"brz-css-volVG\" data-uniq-id=\"iLZkf\"><span class=\"brz-cp-color8\">Dokumenti<\/span><\/p>\n<\/div>\n<\/div>\n<\/div>\n<\/div>\n<\/div>\n<\/section>\n<section id=\"pqdqqcowckqcqyhlgoknrnbtezdcikwpsuwf_pqdqqcowckqcqyhlgoknrnbtezdcikwpsuwf\" class=\"brz-section brz-css-d-section brz-css-1v70ouw\">\n<div class=\"brz-section__content brz-section--boxed brz-css-d-sectionitem-bg brz-css-1xinatj\" data-brz-custom-id=\"ehufiuyicpntwivzcvfjgcfjfghvskvwdrys\">\n<div class=\"brz-bg\">\n<div class=\"brz-bg-color\"><\/div>\n<\/div>\n<div class=\"brz-container brz-css-d-sectionitem-container brz-css-1jj1x9y\">\n<div class=\"brz-row__container brz-css-d-row-row brz-css-dwp6n5\" data-brz-custom-id=\"sjzmkpcbotxmvoslhjtxzthjxpymuhmziyil\">\n<div class=\"brz-row brz-css-d-row-container brz-css-r-row-container brz-css-15z6hqj\">\n<div class=\"brz-columns brz-css-d-column-column brz-css-ohu4r1\" data-brz-custom-id=\"drpggphborauvvjlqoywiyimocjldfhlcvvq\">\n<div class=\"brz-column__items brz-css-d-column-bg brz-css-10fr4k6\">\n<div id=\"\" class=\"brz-css-d-wrapper brz-css-r-wrapper brz-css-6j2fm5 brz-wrapper\">\n<div class=\"brz-spacer brz-css-d-spacer brz-css-1dgnm39\"><\/div>\n<\/div>\n<div id=\"\" class=\"brz-css-d-wrapper brz-css-m9yc79 brz-wrapper\">\n<div class=\"brz-rich-text brz-rich-text__custom brz-css-d-richtext brz-css-10ptx4z\" data-brz-custom-id=\"skeskzqxzapiwercmaccthmiltcuqscdzktn\">\n<div data-brz-translate-text=\"1\">\n<p class=\"brz-text-lg-center brz-mt-lg-0 brz-fss-lg-px brz-fw-lg-400 brz-ls-lg-0 brz-lh-lg-1_9 brz-vfw-lg-400 brz-fwdth-lg-100 brz-fsft-lg-0 brz-tp-lg-empty brz-ff-playfair_display brz-ft-google brz-fs-lg-19 brz-css-x_1w2\" data-uniq-id=\"a0jTw\" data-generated-css=\"brz-css-dRgmM\"><span class=\"brz-cp-color2\" style=\"color: rgb(0, 0, 0);\">Pregled ekonomskih indikatora za Crnu Goru 2022.<\/span><\/p>\n<p class=\"brz-text-lg-center brz-mt-lg-0 brz-tp-lg-empty brz-ff-playfair_display brz-ft-google brz-fs-lg-18 brz-fss-lg-px brz-fw-lg-400 brz-ls-lg-0 brz-lh-lg-1_9 brz-vfw-lg-400 brz-fwdth-lg-100 brz-fsft-lg-0 brz-css-w0Asy\" data-uniq-id=\"mxHFZ\" data-generated-css=\"brz-css-i0mhD\"><span class=\"brz-cp-color2\" style=\"color: rgb(0, 0, 0);\"> i projekcija za 2023. <\/span><\/p>\n<\/div>\n<\/div>\n<\/div>\n<div id=\"\" class=\"brz-css-d-wrapper brz-css-r-wrapper brz-css-eratni brz-wrapper\">\n<div class=\"brz-spacer brz-css-d-spacer brz-css-1mne8x4\"><\/div>\n<\/div>\n<div class=\"brz-wrapper-clone brz-flex-xs-wrap brz-css-d-cloneable brz-css-eeklub\" data-brz-custom-id=\"iB0ixUBT9IMk\"><a class=\"brz-a brz-btn brz-css-d-button brz-css-n1fub1 brz-css-d-button-bg brz-css-uh0p2f\" target=\"_blank\" rel=\"noopener noreferrer\" href=\"https:\/\/astute-orange-dog.185-102-78-46.cpanel.site\/wp-content\/uploads\/2026\/02\/PREGLED-EKONOMSKIH-INDIKATORA-ZA-TRECI-KVARTAL-2022-I-PROJEKCIJE-1.pdf\" data-brz-link-type=\"upload\" data-brz-custom-id=\"yM5Gsxu2ZFcq\"><span data-brz-translate-text=\"1\" class=\"brz-span brz-text__editor\">Pogledajte vi\u0161e<\/span><\/a><\/div>\n<\/div>\n<\/div>\n<div class=\"brz-columns brz-css-d-column-column brz-css-1abvub7\" data-brz-custom-id=\"l1PVk_6MBjoy\">\n<div class=\"brz-column__items brz-css-d-column-bg brz-css-1r7tfms\">\n<div id=\"\" class=\"brz-css-d-wrapper brz-css-r-wrapper brz-css-19mk1ul brz-wrapper\">\n<div class=\"brz-spacer brz-css-d-spacer brz-css-8efgr\"><\/div>\n<\/div>\n<div id=\"\" class=\"brz-css-d-wrapper brz-css-1vjt3zx brz-wrapper\">\n<div class=\"brz-rich-text brz-rich-text__custom brz-css-d-richtext brz-css-1vsyqkm\" data-brz-custom-id=\"rI0kMFcGXynR\">\n<div data-brz-translate-text=\"1\">\n<p class=\"brz-mt-lg-0 brz-fsft-lg-0 brz-fwdth-lg-100 brz-vfw-lg-400 brz-lh-lg-1_8 brz-ls-lg-0 brz-fw-lg-400 brz-fss-lg-px brz-fs-lg-20 brz-ft-google brz-ff-playfair_display brz-tp-lg-empty brz-text-lg-center brz-css-rTCmn\" data-generated-css=\"brz-css-nez5e\" data-uniq-id=\"gYdJV\">Kvartalna analiza indikatora CG <\/p>\n<p class=\"brz-mt-lg-0 brz-fsft-lg-0 brz-fwdth-lg-100 brz-vfw-lg-400 brz-lh-lg-1_8 brz-ls-lg-0 brz-fw-lg-400 brz-fss-lg-px brz-text-lg-center brz-tp-lg-empty brz-ff-playfair_display brz-ft-google brz-fs-lg-19 brz-css-z0V7n\" data-generated-css=\"brz-css-oT_xK\" data-uniq-id=\"odw5a\">2022.K1 <\/p>\n<p class=\"brz-mt-lg-0 brz-fsft-lg-0 brz-fwdth-lg-100 brz-vfw-lg-400 brz-lh-lg-1_8 brz-ls-lg-0 brz-fw-lg-400 brz-fss-lg-px brz-fs-lg-20 brz-ft-google brz-ff-playfair_display brz-tp-lg-empty brz-text-lg-center brz-css-hSR02\" data-generated-css=\"brz-css-zuaB1\" data-uniq-id=\"jM1G8\">\n<\/div>\n<\/div>\n<\/div>\n<div id=\"\" class=\"brz-css-d-wrapper brz-css-r-wrapper brz-css-hypboi brz-wrapper\">\n<div class=\"brz-spacer brz-css-d-spacer brz-css-1xmt7dm\"><\/div>\n<\/div>\n<div class=\"brz-wrapper-clone brz-flex-xs-wrap brz-css-d-cloneable brz-css-a5qwbg\" data-brz-custom-id=\"fw3JKhNnB7HB\"><a class=\"brz-a brz-btn brz-css-d-button brz-css-13x9xdt brz-css-d-button-bg brz-css-1vxyot2\" target=\"_blank\" rel=\"noopener noreferrer\" href=\"https:\/\/astute-orange-dog.185-102-78-46.cpanel.site\/wp-content\/uploads\/2026\/02\/Kvartalna-analiza-indikatora-CG-2022K1.pdf\" data-brz-link-type=\"upload\" data-brz-custom-id=\"pJwdprTjx7dq\"><span data-brz-translate-text=\"1\" class=\"brz-span brz-text__editor\">Pogledajte vi\u0161e<\/span><\/a><\/div>\n<\/div>\n<\/div>\n<div class=\"brz-columns brz-css-d-column-column brz-css-1m4e0mn\" data-brz-custom-id=\"teiLzL3zEZXZ\">\n<div class=\"brz-column__items brz-css-d-column-bg brz-css-1ekg9xo\">\n<div id=\"\" class=\"brz-css-d-wrapper brz-css-r-wrapper brz-css-1rtuzyq brz-wrapper\">\n<div class=\"brz-spacer brz-css-d-spacer brz-css-1nktfn3\"><\/div>\n<\/div>\n<div id=\"\" class=\"brz-css-d-wrapper brz-css-9vr04e brz-wrapper\">\n<div class=\"brz-rich-text brz-rich-text__custom brz-css-d-richtext brz-css-1ancmnf\" data-brz-custom-id=\"nLqybBqVirr_\">\n<div data-brz-translate-text=\"1\">\n<p class=\"brz-mt-lg-0 brz-text-lg-center brz-tp-lg-empty brz-ff-playfair_display brz-ft-google brz-fs-lg-19 brz-fss-lg-px brz-fw-lg-400 brz-ls-lg-0 brz-lh-lg-1_8 brz-vfw-lg-400 brz-fwdth-lg-100 brz-fsft-lg-0 brz-css-aFnWT\" data-generated-css=\"brz-css-aMec3\" data-uniq-id=\"i9RfY\"><span class=\"brz-cp-color2\" style=\"background-color: rgba(255, 255, 255, 0); color: rgb(0, 0, 0);\">Pregled ekonomskih indikatora za Crnu Goru u drugom kvartalu 2022. sa procijenama za 2022. u cjelini <\/span><\/p>\n<\/div>\n<\/div>\n<\/div>\n<div class=\"brz-wrapper-clone brz-flex-xs-wrap brz-css-d-cloneable brz-css-1bpwuao\" data-brz-custom-id=\"w3J_rsU4VPh2\"><a class=\"brz-a brz-btn brz-css-d-button brz-css-131olw4 brz-css-d-button-bg brz-css-1qg5drl\" target=\"_blank\" rel=\"noopener noreferrer\" href=\"https:\/\/astute-orange-dog.185-102-78-46.cpanel.site\/wp-content\/uploads\/2026\/02\/PREGLED-EKONOMSKIH-INDIKATORA-ZA-CRNU-GORU-U-DRUGOM-KVARTALU-2022.-SA-PROCJENAMA-ZA-2022.-U-CJELINI-2-2.pdf\" data-brz-link-type=\"upload\" data-brz-custom-id=\"fc7oGC9dG_Hj\"><span data-brz-translate-text=\"1\" class=\"brz-span brz-text__editor\">Pogledajte vi\u0161e<\/span><\/a><\/div>\n<\/div>\n<\/div>\n<\/div>\n<\/div>\n<\/div>\n<\/div>\n<\/section>\n<section id=\"nCOt1FQCmDky_nCOt1FQCmDky\" class=\"brz-section brz-css-d-section brz-css-1t6591o\">\n<div class=\"brz-section__content brz-section--boxed brz-css-d-sectionitem-bg brz-css-1lgc0i3\" data-brz-custom-id=\"cGRqpXK_PUql\">\n<div class=\"brz-bg\">\n<div class=\"brz-bg-color\"><\/div>\n<\/div>\n<div class=\"brz-container brz-css-d-sectionitem-container brz-css-1w3bp8z\">\n<div class=\"brz-row__container brz-css-d-row-row brz-css-1tkdv9p\" data-brz-custom-id=\"fpMZef_ze7ai\">\n<div class=\"brz-row brz-css-d-row-container brz-css-r-row-container brz-css-13hnqvf\">\n<div class=\"brz-columns brz-css-d-column-column brz-css-5db519\" data-brz-custom-id=\"pDwcqcRZglQg\">\n<div class=\"brz-column__items brz-css-d-column-bg brz-css-w8yor1\">\n<div id=\"\" class=\"brz-css-d-wrapper brz-css-r-wrapper brz-css-1wo2o69 brz-wrapper\">\n<div class=\"brz-spacer brz-css-d-spacer brz-css-16infsv\"><\/div>\n<\/div>\n<div id=\"\" class=\"brz-css-d-wrapper brz-css-prgdj6 brz-wrapper\">\n<div class=\"brz-rich-text brz-rich-text__custom brz-css-d-richtext brz-css-1tzi2my\" data-brz-custom-id=\"npzrSaOhVZZH\">\n<div data-brz-translate-text=\"1\">\n<p class=\"brz-text-lg-center brz-mt-lg-0 brz-fss-lg-px brz-fw-lg-400 brz-ls-lg-0 brz-lh-lg-1_8 brz-vfw-lg-400 brz-fwdth-lg-100 brz-fsft-lg-0 brz-tp-lg-empty brz-ff-playfair_display brz-ft-google brz-fs-lg-19 brz-css-m97Fq\" data-uniq-id=\"tgD0b\" data-generated-css=\"brz-css-uqYz3\"><span style=\"background-color: rgba(255, 255, 255, 0); color: rgb(0, 0, 0);\">Pregled ekonomskih indikatora za Crnu Goru u IV kvartalu <\/span><\/p>\n<\/div>\n<\/div>\n<\/div>\n<div class=\"brz-wrapper-clone brz-flex-xs-wrap brz-css-d-cloneable brz-css-mlnq3p\" data-brz-custom-id=\"zH0V_VhFi8aV\">\n<div class=\"brz-icon__container\" data-brz-custom-id=\"bBHpMCrEqHLV\"><span class=\"brz-icon brz-span brz-css-d-icon-icon brz-css-okzf6q\"><svg class=\"brz-icon-svg align-[initial]\"><use href=\"\/wp-content\/plugins\/brizy\/public\/editor-build\/prod\/editor\/icons\/glyph\/double-right.svg#nc_icon\"><\/use><\/svg><\/span><\/div>\n<\/div>\n<div id=\"\" class=\"brz-css-d-wrapper brz-css-r-wrapper brz-css-gd0zxn brz-wrapper\">\n<div class=\"brz-spacer brz-css-d-spacer brz-css-a0af85\"><\/div>\n<\/div>\n<div class=\"brz-wrapper-clone brz-flex-xs-wrap brz-css-d-cloneable brz-css-1cm02w4\" data-brz-custom-id=\"pejBQfuNiDbn\"><a class=\"brz-a brz-btn brz-css-d-button brz-css-opjxvs brz-css-d-button-bg brz-css-lqu60t\" target=\"_blank\" rel=\"noopener noreferrer\" href=\"https:\/\/astute-orange-dog.185-102-78-46.cpanel.site\/wp-content\/uploads\/2026\/02\/PREGLED-EKONOMSKIH-INDIKATORA-K4-2022-I-AZURIRANE-PROJEKCIJE-ZA-2023.-1.pdf\" data-brz-link-type=\"upload\" data-brz-custom-id=\"l_CbA1EFmnA3\"><span data-brz-translate-text=\"1\" class=\"brz-span brz-text__editor\">Pogledajte vi\u0161e<\/span><\/a><\/div>\n<\/div>\n<\/div>\n<div class=\"brz-columns brz-css-d-column-column brz-css-1sabvo\" data-brz-custom-id=\"lk5zuOC0Hcvy\">\n<div class=\"brz-column__items brz-css-d-column-bg brz-css-lkkt9s\">\n<div id=\"\" class=\"brz-css-d-wrapper brz-css-r-wrapper brz-css-d7mhek brz-wrapper\">\n<div class=\"brz-spacer brz-css-d-spacer brz-css-jpb4jx\"><\/div>\n<\/div>\n<div id=\"\" class=\"brz-css-d-wrapper brz-css-tzbe3 brz-wrapper\">\n<div class=\"brz-rich-text brz-rich-text__custom brz-css-d-richtext brz-css-p0wti6\" data-brz-custom-id=\"kbPk5hz6n_pH\">\n<div data-brz-translate-text=\"1\">\n<p class=\"brz-mt-lg-0 brz-text-lg-center brz-tp-lg-empty brz-ff-playfair_display brz-ft-google brz-fs-lg-20 brz-fss-lg-px brz-fw-lg-400 brz-ls-lg-0 brz-lh-lg-1_8 brz-vfw-lg-400 brz-fwdth-lg-100 brz-fsft-lg-0 brz-css-dO2AZ\" data-generated-css=\"brz-css-rcmfi\" data-uniq-id=\"s4ArQ\"><span class=\"brz-cp-color2\" style=\"background-color: rgba(255, 255, 255, 0); color: rgb(0, 0, 0);\">2022. sa a\u017euriranim projekcijama za 2023. <\/span><\/p>\n<\/div>\n<\/div>\n<\/div>\n<div id=\"\" class=\"brz-css-d-wrapper brz-css-r-wrapper brz-css-11y9kbl brz-wrapper\">\n<div class=\"brz-spacer brz-css-d-spacer brz-css-nk9ioj\"><\/div>\n<\/div>\n<div class=\"brz-wrapper-clone brz-flex-xs-wrap brz-css-d-cloneable brz-css-mdne30\" data-brz-custom-id=\"eTkLFrSFzD60\"><a class=\"brz-a brz-btn brz-css-d-button brz-css-1c6a7av brz-css-d-button-bg brz-css-3ndi1p\" target=\"_blank\" rel=\"noopener noreferrer\" href=\"https:\/\/astute-orange-dog.185-102-78-46.cpanel.site\/wp-content\/uploads\/2026\/02\/PREGLED-EKONOMSKIH-INDIKATORA-K4-2022-I-AZURIRANE-PROJEKCIJE-ZA-2023.-1.pdf\" data-brz-link-type=\"upload\" data-brz-custom-id=\"jnFVY3WmjuqB\"><span data-brz-translate-text=\"1\" class=\"brz-span brz-text__editor\">Pogledajte vi\u0161e<\/span><\/a><\/div>\n<\/div>\n<\/div>\n<div class=\"brz-columns brz-css-d-column-column brz-css-1umteqn\" data-brz-custom-id=\"olqAuGfB2tCP\">\n<div class=\"brz-column__items brz-css-d-column-bg brz-css-kuuatg\">\n<div id=\"\" class=\"brz-css-d-wrapper brz-css-r-wrapper brz-css-5z3wcm brz-wrapper\">\n<div class=\"brz-spacer brz-css-d-spacer brz-css-ngtlqc\"><\/div>\n<\/div>\n<div id=\"\" class=\"brz-css-d-wrapper brz-css-1tln18 brz-wrapper\">\n<div class=\"brz-rich-text brz-rich-text__custom brz-css-d-richtext brz-css-1b5eu64\" data-brz-custom-id=\"cYtOWfYJrhr7\">\n<div data-brz-translate-text=\"1\">\n<p class=\"brz-mt-lg-0 brz-text-lg-center brz-tp-lg-empty brz-ff-playfair_display brz-ft-google brz-fs-lg-19 brz-fss-lg-px brz-fw-lg-400 brz-ls-lg-0 brz-lh-lg-1_8 brz-vfw-lg-400 brz-fwdth-lg-100 brz-fsft-lg-0 brz-css-nPR6a\" data-generated-css=\"brz-css-gmDfr\" data-uniq-id=\"apxK6\"><span class=\"brz-cp-color2\" style=\"background-color: rgba(255, 255, 255, 0); color: rgb(0, 0, 0);\">Pregled ekonomskih indikatora i kvartal 2023<\/span><\/p>\n<\/div>\n<\/div>\n<\/div>\n<div id=\"\" class=\"brz-css-d-wrapper brz-css-r-wrapper brz-css-jdwdg4 brz-wrapper\">\n<div class=\"brz-spacer brz-css-d-spacer brz-css-4yu6fh\"><\/div>\n<\/div>\n<div class=\"brz-wrapper-clone brz-flex-xs-wrap brz-css-d-cloneable brz-css-4ban84\" data-brz-custom-id=\"n3x6P0n1fV2n\"><a class=\"brz-a brz-btn brz-css-d-button brz-css-pn73sq brz-css-d-button-bg brz-css-ptrpi\" target=\"_blank\" rel=\"noopener noreferrer\" href=\"https:\/\/astute-orange-dog.185-102-78-46.cpanel.site\/wp-content\/uploads\/2026\/02\/Pregled-ekonomskih-indikatora_I-kvartal-2023-final.pdf\" data-brz-link-type=\"upload\" data-brz-custom-id=\"bYm4o69Rqc96\"><span data-brz-translate-text=\"1\" class=\"brz-span brz-text__editor\">Pogledajte vi\u0161e<\/span><\/a><\/div>\n<\/div>\n<\/div>\n<\/div>\n<\/div>\n<\/div>\n<\/div>\n<\/section>\n<section id=\"mwVXyBUo46Pf_mwVXyBUo46Pf\" class=\"brz-section brz-css-d-section brz-css-muk5e\">\n<div class=\"brz-section__content brz-section--boxed brz-css-d-sectionitem-bg brz-css-1ebfqgh\" data-brz-custom-id=\"iLOnJuaOqNzl\">\n<div class=\"brz-bg\">\n<div class=\"brz-bg-color\"><\/div>\n<\/div>\n<div class=\"brz-container brz-css-d-sectionitem-container brz-css-13tftlf\">\n<div class=\"brz-row__container brz-css-d-row-row brz-css-153euqw\" data-brz-custom-id=\"rUJZY6FCNVjm\">\n<div class=\"brz-row brz-css-d-row-container brz-css-r-row-container brz-css-ykgenv\">\n<div class=\"brz-columns brz-css-d-column-column brz-css-16f28lv\" data-brz-custom-id=\"iZXoQ75MuSsj\">\n<div class=\"brz-column__items brz-css-d-column-bg brz-css-t0yw67\">\n<div id=\"\" class=\"brz-css-d-wrapper brz-css-r-wrapper brz-css-nxlb0t brz-wrapper\">\n<div class=\"brz-spacer brz-css-d-spacer brz-css-i11p5y\"><\/div>\n<\/div>\n<div id=\"\" class=\"brz-css-d-wrapper brz-css-1kc80ck brz-wrapper\">\n<div class=\"brz-rich-text brz-rich-text__custom brz-css-d-richtext brz-css-v2k6b\" data-brz-custom-id=\"vj0ZqmKQOfBx\">\n<div data-brz-translate-text=\"1\">\n<p class=\"brz-mt-lg-0 brz-text-lg-center brz-tp-lg-empty brz-ff-playfair_display brz-ft-google brz-fs-lg-19 brz-fss-lg-px brz-fw-lg-400 brz-ls-lg-0 brz-lh-lg-1_8 brz-vfw-lg-400 brz-fwdth-lg-100 brz-fsft-lg-0 brz-css-harVc\" data-generated-css=\"brz-css-byMzD\" data-uniq-id=\"zKa6G\"><span class=\"brz-cp-color2\" style=\"background-color: rgba(255, 255, 255, 0); color: rgb(0, 0, 0);\">Pregled ekonomskih indikatora za Crnu Goru za drugi i tre\u0107i kvartal 2023. sa procijenama za 2023. i projekcijama za 2024. <\/span><\/p>\n<\/div>\n<\/div>\n<\/div>\n<div id=\"\" class=\"brz-css-d-wrapper brz-css-r-wrapper brz-css-17ud8n brz-wrapper\">\n<div class=\"brz-spacer brz-css-d-spacer brz-css-tualb4\"><\/div>\n<\/div>\n<div class=\"brz-wrapper-clone brz-flex-xs-wrap brz-css-d-cloneable brz-css-127ghvu\" data-brz-custom-id=\"fuOnjBN9w1PP\"><a class=\"brz-a brz-btn brz-css-d-button brz-css-tvldjl brz-css-d-button-bg brz-css-n139dd\" target=\"_blank\" rel=\"noopener noreferrer\" href=\"https:\/\/astute-orange-dog.185-102-78-46.cpanel.site\/wp-content\/uploads\/2026\/02\/Pregled-makroekonomskih-inidkatora-Crne-Gore-za-tri-kvartala-2023.pdf\" data-brz-link-type=\"upload\" data-brz-custom-id=\"bLW_zwwDbWrJ\"><span data-brz-translate-text=\"1\" class=\"brz-span brz-text__editor\">Pogledajte vi\u0161e<\/span><\/a><\/div>\n<\/div>\n<\/div>\n<div class=\"brz-columns brz-css-d-column-column brz-css-bpztoo\" data-brz-custom-id=\"dIrwIs0D2xp_\">\n<div class=\"brz-column__items brz-css-d-column-bg brz-css-1p6r4mj\">\n<div id=\"\" class=\"brz-css-d-wrapper brz-css-r-wrapper brz-css-121ilwg brz-wrapper\">\n<div class=\"brz-spacer brz-css-d-spacer brz-css-n3s7vy\"><\/div>\n<\/div>\n<div id=\"\" class=\"brz-css-d-wrapper brz-css-1j47z3k brz-wrapper\">\n<div class=\"brz-rich-text brz-rich-text__custom brz-css-d-richtext brz-css-fhtc5z\" data-brz-custom-id=\"zxfmdvcFhFhy\">\n<div data-brz-translate-text=\"1\">\n<p class=\"brz-text-lg-center brz-mt-lg-0 brz-tp-lg-empty brz-ff-playfair_display brz-ft-google brz-fs-lg-19 brz-fss-lg-px brz-fw-lg-400 brz-ls-lg-0 brz-lh-lg-1_8 brz-vfw-lg-400 brz-fwdth-lg-100 brz-fsft-lg-0 brz-css-fgaeb\" data-uniq-id=\"neOsA\" data-generated-css=\"brz-css-xYaP5\"><span style=\"background-color: rgba(255, 255, 255, 0); color: rgb(0, 0, 0);\">Faktori uticaja na fiskalne pozicije op\u0161tina Sjevera kao manje razvijenih <\/span><\/p>\n<\/div>\n<\/div>\n<\/div>\n<div id=\"\" class=\"brz-css-d-wrapper brz-css-r-wrapper brz-css-1ioup1q brz-wrapper\">\n<div class=\"brz-spacer brz-css-d-spacer brz-css-141xllz\"><\/div>\n<\/div>\n<div class=\"brz-wrapper-clone brz-flex-xs-wrap brz-css-d-cloneable brz-css-1w0dz1x\" data-brz-custom-id=\"c5fWkmxrwop9\"><a class=\"brz-a brz-btn brz-css-d-button brz-css-1bdkrgk brz-css-d-button-bg brz-css-g1k7cw\" target=\"_blank\" rel=\"noopener noreferrer\" href=\"https:\/\/astute-orange-dog.185-102-78-46.cpanel.site\/wp-content\/uploads\/2026\/02\/Faktori-uticaja-na-fiskalne-pozicije-Sjevernih-opstina-kao-manje-razvijenih.pdf\" data-brz-link-type=\"upload\" data-brz-custom-id=\"wxmLDVvbJ7xo\"><span data-brz-translate-text=\"1\" class=\"brz-span brz-text__editor\">Pogledajte vi\u0161e<\/span><\/a><\/div>\n<\/div>\n<\/div>\n<div class=\"brz-columns brz-css-d-column-column brz-css-8q2ixo\" data-brz-custom-id=\"tiWMt0Rx2A13\">\n<div class=\"brz-column__items brz-css-d-column-bg brz-css-1nxv8r4\">\n<div id=\"\" class=\"brz-css-d-wrapper brz-css-r-wrapper brz-css-5f6bg8 brz-wrapper\">\n<div class=\"brz-spacer brz-css-d-spacer brz-css-155xtxg\"><\/div>\n<\/div>\n<div id=\"\" class=\"brz-css-d-wrapper brz-css-vyxosy brz-wrapper\">\n<div class=\"brz-rich-text brz-rich-text__custom brz-css-d-richtext brz-css-1zesfl\" data-brz-custom-id=\"qPW9QIuv_RTr\">\n<div data-brz-translate-text=\"1\">\n<p class=\"brz-mt-lg-0 brz-text-lg-center brz-tp-lg-empty brz-ff-playfair_display brz-ft-google brz-fs-lg-20 brz-fss-lg-px brz-fw-lg-400 brz-ls-lg-0 brz-lh-lg-1_8 brz-vfw-lg-400 brz-fwdth-lg-100 brz-fsft-lg-0 brz-css-ud6bJ\" data-generated-css=\"brz-css-lVTkb\" data-uniq-id=\"mTwaf\"><span class=\"brz-cp-color2\" style=\"background-color: rgba(255, 255, 255, 0); color: rgb(0, 0, 0);\">Projekcije ekonomskih kretanja u CG objavljene su:<\/span><\/p>\n<\/div>\n<\/div>\n<\/div>\n<div id=\"\" class=\"brz-css-d-wrapper brz-css-r-wrapper brz-css-17kad5p brz-wrapper\">\n<div class=\"brz-spacer brz-css-d-spacer brz-css-1dqvvwt\"><\/div>\n<\/div>\n<div class=\"brz-wrapper-clone brz-flex-xs-wrap brz-css-d-cloneable brz-css-1sc69x9\" data-brz-custom-id=\"lEd5mWVnuJNT\"><a class=\"brz-a brz-btn brz-css-d-button brz-css-rh4rqt brz-css-d-button-bg brz-css-1orpqxo\" target=\"_blank\" rel=\"noopener noreferrer\" href=\"https:\/\/mina.news\/mina-business-ekonomske-vijesti-iz-crne-gore\/crnogorsku-ekonomiju-ocekuje-meko-prizemljenje\/\" data-brz-link-type=\"external\" data-brz-custom-id=\"eKrqLnCatBax\"><span data-brz-translate-text=\"1\" class=\"brz-span brz-text__editor\">Pogledajte vi\u0161e<\/span><\/a><\/div>\n<\/div>\n<\/div>\n<div class=\"brz-columns brz-css-d-column-column brz-css-1cyy5p4\" data-brz-custom-id=\"wcJ3olIUR2Wn\">\n<div class=\"brz-column__items brz-css-d-column-bg brz-css-fwfl5f\">\n<div id=\"\" class=\"brz-css-d-wrapper brz-css-r-wrapper brz-css-1pzjeqi brz-wrapper\">\n<div class=\"brz-spacer brz-css-d-spacer brz-css-ihdl0m\"><\/div>\n<\/div>\n<div id=\"\" class=\"brz-css-d-wrapper brz-css-epcwo8 brz-wrapper\">\n<div class=\"brz-rich-text brz-rich-text__custom brz-css-d-richtext brz-css-19mmqzj\" data-brz-custom-id=\"mCQ_rwPE4A8Q\">\n<div data-brz-translate-text=\"1\">\n<p class=\"brz-mt-lg-0 brz-text-lg-center brz-tp-lg-empty brz-ff-playfair_display brz-ft-google brz-fs-lg-19 brz-fss-lg-px brz-fw-lg-400 brz-ls-lg-0 brz-lh-lg-1_8 brz-vfw-lg-400 brz-fwdth-lg-100 brz-fsft-lg-0 brz-css-oQiAq\" data-generated-css=\"brz-css-qlZCF\" data-uniq-id=\"vcv79\"><span class=\"brz-cp-color2\" style=\"background-color: rgba(255, 255, 255, 0); color: rgb(0, 0, 0);\">Pogled iz drugog ugla: Da li Plan rasta za region mo\u017ee usporiti EU integracije Crne Gore?<\/span><\/p>\n<\/div>\n<\/div>\n<\/div>\n<div id=\"\" class=\"brz-css-d-wrapper brz-css-r-wrapper brz-css-fzj7xm brz-wrapper\">\n<div class=\"brz-spacer brz-css-d-spacer brz-css-apjhwa\"><\/div>\n<\/div>\n<div class=\"brz-wrapper-clone brz-flex-xs-wrap brz-css-d-cloneable brz-css-4puo0i\" data-brz-custom-id=\"pA_cP_1qPb4r\"><a class=\"brz-a brz-btn brz-css-d-button brz-css-l885sa brz-css-d-button-bg brz-css-1ksjxwt\" target=\"_blank\" rel=\"noopener noreferrer\" href=\"https:\/\/astute-orange-dog.185-102-78-46.cpanel.site\/wp-content\/uploads\/2026\/02\/05-04-2024-CEES-sapostenje-1-1.docx\" data-brz-link-type=\"upload\" data-brz-custom-id=\"vbOdnwNeuHsl\"><span data-brz-translate-text=\"1\" class=\"brz-span brz-text__editor\">Pogledajte vi\u0161e<\/span><\/a><\/div>\n<\/div>\n<\/div>\n<\/div>\n<\/div>\n<\/div>\n<\/div>\n<\/section><\/div>\n<p><!-- version:1771240579 --><\/p>\n","protected":false},"excerpt":{"rendered":"<p>Dokumenti Pregled ekonomskih indikatora za Crnu Goru 2022. i projekcija za 2023. Pogledajte vi\u0161e Kvartalna analiza indikatora CG 2022.K1 Pogledajte vi\u0161e Pregled ekonomskih indikatora za Crnu Goru u drugom kvartalu 2022. sa procijenama za 2022. u cjelini Pogledajte vi\u0161e Pregled ekonomskih indikatora za Crnu Goru u IV kvartalu Pogledajte vi\u0161e 2022. sa a\u017euriranim projekcijama za&hellip; <a class=\"more-link\" href=\"https:\/\/cees-montenegro.org\/en\/dokumenti\/\">Continue reading <span class=\"screen-reader-text\">Documents<\/span><\/a><\/p>","protected":false},"author":1,"featured_media":0,"parent":0,"menu_order":0,"comment_status":"closed","ping_status":"closed","template":"brizy-blank-template.php","meta":{"footnotes":""},"class_list":["post-328","page","type-page","status-publish","hentry","entry"],"brizy_media":[{"id":210,"url":"https:\/\/cees-montenegro.org\/wp-content\/uploads\/2026\/02\/analytics-personal-phone-team-financial-scaled.jpg","name":"analytics-personal-phone-team-financial.jpg","meta":{"brizy_attachment_uid":"wp-727112eb8d1a22af2df330f0786f4fff.jpg","brizy_post_uid":["b78c0855fff2b4f894a0e9024c9c92fb"]}},{"id":331,"url":"https:\/\/cees-montenegro.org\/wp-content\/uploads\/2026\/02\/stack-various-business-documents-neatly-arranged-modern-computer-office-setting-with-soft-natural-lighting-scaled.jpg","name":"stack-various-business-documents-neatly-arranged-modern-computer-office-setting-with-soft-natural-lighting.jpg","meta":{"brizy_attachment_uid":"wp-b7ad2795f768fe614574b61df97fd63f.jpg","brizy_post_uid":["b78c0855fff2b4f894a0e9024c9c92fb"]}},{"id":351,"url":"https:\/\/cees-montenegro.org\/wp-content\/uploads\/2026\/02\/closeup-bulletin-board-covered-colorful-fliers-posters-1-scaled.jpg","name":"closeup-bulletin-board-covered-colorful-fliers-posters-1.jpg","meta":{"brizy_attachment_uid":"wp-d925a69da192ee4aaf8b296a2846b561.jpg","brizy_post_uid":["b78c0855fff2b4f894a0e9024c9c92fb"]}}],"_links":{"self":[{"href":"https:\/\/cees-montenegro.org\/en\/wp-json\/wp\/v2\/pages\/328","targetHints":{"allow":["GET"]}}],"collection":[{"href":"https:\/\/cees-montenegro.org\/en\/wp-json\/wp\/v2\/pages"}],"about":[{"href":"https:\/\/cees-montenegro.org\/en\/wp-json\/wp\/v2\/types\/page"}],"author":[{"embeddable":true,"href":"https:\/\/cees-montenegro.org\/en\/wp-json\/wp\/v2\/users\/1"}],"replies":[{"embeddable":true,"href":"https:\/\/cees-montenegro.org\/en\/wp-json\/wp\/v2\/comments?post=328"}],"version-history":[{"count":5,"href":"https:\/\/cees-montenegro.org\/en\/wp-json\/wp\/v2\/pages\/328\/revisions"}],"predecessor-version":[{"id":346,"href":"https:\/\/cees-montenegro.org\/en\/wp-json\/wp\/v2\/pages\/328\/revisions\/346"}],"wp:attachment":[{"href":"https:\/\/cees-montenegro.org\/en\/wp-json\/wp\/v2\/media?parent=328"}],"curies":[{"name":"wp","href":"https:\/\/api.w.org\/{rel}","templated":true}]}}