{"id":59,"date":"2021-12-07T17:44:41","date_gmt":"2021-12-07T17:44:41","guid":{"rendered":"https:\/\/websitebuilder-demo.net\/spirit\/?page_id=59"},"modified":"2026-02-21T22:37:05","modified_gmt":"2026-02-21T22:37:05","slug":"demo-testimonials","status":"publish","type":"page","link":"https:\/\/cees-montenegro.org\/en\/demo-testimonials\/","title":{"rendered":"Reports"},"content":{"rendered":"<div class=\"brz brz-root__container brz-reset-all brz-root__container-page\" >\n<section id=\"rwkadpsgtpxcqqvukxamuhyiqoznyivtcyej_rwkadpsgtpxcqqvukxamuhyiqoznyivtcyej\" class=\"brz-section brz-css-d-section brz-css-fmi555\">\n<div class=\"brz-section__content brz-section--boxed brz-css-d-sectionitem-bg brz-css-1jwk4qa\" data-brz-custom-id=\"phjxshkzfbccxgzdzinyvwxhaduqskjjgkbc\">\n<div class=\"brz-bg\">\n<div class=\"brz-bg-image\"><\/div>\n<div class=\"brz-bg-color\"><\/div>\n<\/div>\n<div class=\"brz-container brz-css-d-sectionitem-container brz-css-es24dk\">\n<div id=\"\" class=\"brz-css-d-wrapper brz-css-1qw5511 brz-wrapper\">\n<div class=\"brz-rich-text brz-rich-text__custom brz-css-d-richtext brz-css-8u2p29\" data-brz-custom-id=\"zxrsiwoomnurixosobmvnxtvxffhtcatsvwo\">\n<div data-brz-translate-text=\"1\">\n<p class=\"brz-tp-sm-heading2 brz-tp-lg-heading2 brz-text-lg-center brz-tp-xs-heading2 brz-css-wHWoO\" data-generated-css=\"brz-css-xdqwa\" data-uniq-id=\"oMQvD\"><span class=\"brz-cp-color8\">Reports<\/span><\/p>\n<\/div>\n<\/div>\n<\/div>\n<\/div>\n<\/div>\n<\/section>\n<section id=\"pqdqqcowckqcqyhlgoknrnbtezdcikwpsuwf_pqdqqcowckqcqyhlgoknrnbtezdcikwpsuwf\" class=\"brz-section brz-css-d-section brz-css-1v70ouw\">\n<div class=\"brz-section__content brz-section--boxed brz-css-d-sectionitem-bg brz-css-1xinatj\" data-brz-custom-id=\"ehufiuyicpntwivzcvfjgcfjfghvskvwdrys\">\n<div class=\"brz-bg\">\n<div class=\"brz-bg-color\"><\/div>\n<\/div>\n<div class=\"brz-container brz-css-d-sectionitem-container brz-css-1jj1x9y\">\n<div class=\"brz-row__container brz-css-d-row-row brz-css-dwp6n5\" data-brz-custom-id=\"sjzmkpcbotxmvoslhjtxzthjxpymuhmziyil\">\n<div class=\"brz-row brz-css-d-row-container brz-css-r-row-container brz-css-15z6hqj\">\n<div class=\"brz-columns brz-css-d-column-column brz-css-ohu4r1\" data-brz-custom-id=\"drpggphborauvvjlqoywiyimocjldfhlcvvq\">\n<div class=\"brz-column__items brz-css-d-column-bg brz-css-10fr4k6\">\n<div id=\"\" class=\"brz-css-d-wrapper brz-css-r-wrapper brz-css-6j2fm5 brz-wrapper\">\n<div class=\"brz-spacer brz-css-d-spacer brz-css-1dgnm39\"><\/div>\n<\/div>\n<div id=\"\" class=\"brz-css-d-wrapper brz-css-m9yc79 brz-wrapper\">\n<div class=\"brz-rich-text brz-rich-text__custom brz-css-d-richtext brz-css-10ptx4z\" data-brz-custom-id=\"skeskzqxzapiwercmaccthmiltcuqscdzktn\">\n<div data-brz-translate-text=\"1\">\n<p class=\"brz-text-lg-center brz-tp-lg-empty brz-ff-playfair_display brz-ft-google brz-fs-lg-20 brz-fss-lg-px brz-fw-lg-400 brz-ls-lg-0 brz-lh-lg-1_8 brz-vfw-lg-400 brz-fwdth-lg-100 brz-fsft-lg-0 brz-mt-lg-0 brz-css-oFdym\" data-uniq-id=\"ieNCm\" data-generated-css=\"brz-css-frEyR\"><strong class=\"brz-cp-color2 brz-bold-true\" style=\"color: rgb(7, 30, 87);\">Annual Report 2023<\/strong><\/p>\n<\/div>\n<\/div>\n<\/div>\n<div id=\"\" class=\"brz-css-d-wrapper brz-css-r-wrapper brz-css-eratni brz-wrapper\">\n<div class=\"brz-spacer brz-css-d-spacer brz-css-1mne8x4\"><\/div>\n<\/div>\n<div class=\"brz-wrapper-clone brz-flex-xs-wrap brz-css-d-cloneable brz-css-eeklub\" data-brz-custom-id=\"iB0ixUBT9IMk\"><a class=\"brz-a brz-btn brz-css-d-button brz-css-n1fub1 brz-css-d-button-bg brz-css-uh0p2f\" target=\"_blank\" rel=\"noopener noreferrer\" href=\"https:\/\/cees-montenegro.org\/wp-content\/uploads\/2026\/02\/GODISNJI-IZVJESTAJ-CEESa-za-2023.pdf\" data-brz-link-type=\"upload\" data-brz-custom-id=\"yM5Gsxu2ZFcq\"><span data-brz-translate-text=\"1\" class=\"brz-span brz-text__editor\">View more<\/span><\/a><\/div>\n<\/div>\n<\/div>\n<div class=\"brz-columns brz-css-d-column-column brz-css-1abvub7\" data-brz-custom-id=\"l1PVk_6MBjoy\">\n<div class=\"brz-column__items brz-css-d-column-bg brz-css-1r7tfms\">\n<div id=\"\" class=\"brz-css-d-wrapper brz-css-r-wrapper brz-css-19mk1ul brz-wrapper\">\n<div class=\"brz-spacer brz-css-d-spacer brz-css-8efgr\"><\/div>\n<\/div>\n<div id=\"\" class=\"brz-css-d-wrapper brz-css-1vjt3zx brz-wrapper\">\n<div class=\"brz-rich-text brz-rich-text__custom brz-css-d-richtext brz-css-1vsyqkm\" data-brz-custom-id=\"rI0kMFcGXynR\">\n<div data-brz-translate-text=\"1\">\n<p class=\"brz-mt-lg-0 brz-fsft-lg-0 brz-fwdth-lg-100 brz-vfw-lg-400 brz-lh-lg-1_8 brz-ls-lg-0 brz-fw-lg-400 brz-fss-lg-px brz-fs-lg-20 brz-ft-google brz-ff-playfair_display brz-tp-lg-empty brz-text-lg-center brz-css-tEsUg\" data-generated-css=\"brz-css-i5eie\" data-uniq-id=\"wjTfc\"><strong class=\"brz-bold-true brz-cp-color2\" style=\"color: rgb(7, 30, 87);\">Annual Report 2024<\/strong><\/p>\n<\/div>\n<\/div>\n<\/div>\n<div id=\"\" class=\"brz-css-d-wrapper brz-css-r-wrapper brz-css-hypboi brz-wrapper\">\n<div class=\"brz-spacer brz-css-d-spacer brz-css-1xmt7dm\"><\/div>\n<\/div>\n<div class=\"brz-wrapper-clone brz-flex-xs-wrap brz-css-d-cloneable brz-css-a5qwbg\" data-brz-custom-id=\"fw3JKhNnB7HB\"><a class=\"brz-a brz-btn brz-css-d-button brz-css-13x9xdt brz-css-d-button-bg brz-css-1vxyot2\" target=\"_blank\" rel=\"noopener noreferrer\" href=\"https:\/\/cees-montenegro.org\/wp-content\/uploads\/2026\/02\/GODISNJI-IZVJESTAJ-CEESa-za-2024.pdf\" data-brz-link-type=\"upload\" data-brz-custom-id=\"pJwdprTjx7dq\"><span data-brz-translate-text=\"1\" class=\"brz-span brz-text__editor\">View more<\/span><\/a><\/div>\n<\/div>\n<\/div>\n<div class=\"brz-columns brz-css-d-column-column brz-css-1m4e0mn\" data-brz-custom-id=\"teiLzL3zEZXZ\">\n<div class=\"brz-column__items brz-css-d-column-bg brz-css-1ekg9xo\">\n<div id=\"\" class=\"brz-css-d-wrapper brz-css-r-wrapper brz-css-1rtuzyq brz-wrapper\">\n<div class=\"brz-spacer brz-css-d-spacer brz-css-1nktfn3\"><\/div>\n<\/div>\n<div id=\"\" class=\"brz-css-d-wrapper brz-css-9vr04e brz-wrapper\">\n<div class=\"brz-rich-text brz-rich-text__custom brz-css-d-richtext brz-css-1ancmnf\" data-brz-custom-id=\"nLqybBqVirr_\">\n<div data-brz-translate-text=\"1\">\n<p class=\"brz-fsft-lg-0 brz-fwdth-lg-100 brz-vfw-lg-400 brz-lh-lg-1_8 brz-ls-lg-0 brz-fw-lg-400 brz-fss-lg-px brz-fs-lg-19 brz-ft-google brz-ff-playfair_display brz-tp-lg-empty brz-text-lg-center brz-mt-lg-0 brz-css-f9px3\" data-uniq-id=\"ltXmN\" data-generated-css=\"brz-css-fXo8d\"><strong class=\"brz-bold-true brz-cp-color2\" style=\"color: rgb(7, 30, 87);\">Statistical Annex<\/strong><\/p>\n<\/div>\n<\/div>\n<\/div>\n<div id=\"\" class=\"brz-css-d-wrapper brz-css-r-wrapper brz-css-gqm89a brz-wrapper\">\n<div class=\"brz-spacer brz-css-d-spacer brz-css-18wlpvh\"><\/div>\n<\/div>\n<div class=\"brz-wrapper-clone brz-flex-xs-wrap brz-css-d-cloneable brz-css-1bpwuao\" data-brz-custom-id=\"w3J_rsU4VPh2\"><a class=\"brz-a brz-btn brz-css-d-button brz-css-131olw4 brz-css-d-button-bg brz-css-1qg5drl\" target=\"_blank\" rel=\"noopener noreferrer\" href=\"https:\/\/cees-montenegro.org\/wp-content\/uploads\/2026\/02\/Statisticki-aneks-2024_CEES.pdf\" data-brz-link-type=\"upload\" data-brz-custom-id=\"fc7oGC9dG_Hj\"><span data-brz-translate-text=\"1\" class=\"brz-span brz-text__editor\">View more<\/span><\/a><\/div>\n<\/div>\n<\/div>\n<div class=\"brz-columns brz-css-d-column-column brz-css-4rmex2\" data-brz-custom-id=\"pqRDgPMnN7hI\">\n<div class=\"brz-column__items brz-css-d-column-bg brz-css-1daw0r8\">\n<div id=\"\" class=\"brz-css-d-wrapper brz-css-r-wrapper brz-css-vs33rs brz-wrapper\">\n<div class=\"brz-spacer brz-css-d-spacer brz-css-o4ho6p\"><\/div>\n<\/div>\n<div id=\"\" class=\"brz-css-d-wrapper brz-css-ybsgle brz-wrapper\">\n<div class=\"brz-rich-text brz-rich-text__custom brz-css-d-richtext brz-css-i8if0p\" data-brz-custom-id=\"jjgp_8sWXKBb\">\n<div data-brz-translate-text=\"1\">\n<p class=\"brz-mt-lg-0 brz-fsft-lg-0 brz-fwdth-lg-100 brz-vfw-lg-400 brz-lh-lg-1_8 brz-ls-lg-0 brz-fw-lg-400 brz-fss-lg-px brz-text-lg-center brz-tp-lg-empty brz-ff-playfair_display brz-ft-google brz-fs-lg-19 brz-css-qE19k\" data-generated-css=\"brz-css-qr5TQ\" data-uniq-id=\"a0bS4\"><strong class=\"brz-bold-true brz-cp-color2\" style=\"color: rgb(7, 30, 87);\">Income Statement for 2024<\/strong><\/p>\n<\/div>\n<\/div>\n<\/div>\n<div id=\"\" class=\"brz-css-d-wrapper brz-css-r-wrapper brz-css-3tx4l7 brz-wrapper\">\n<div class=\"brz-spacer brz-css-d-spacer brz-css-3brziv\"><\/div>\n<\/div>\n<div class=\"brz-wrapper-clone brz-flex-xs-wrap brz-css-d-cloneable brz-css-69t2m5\" data-brz-custom-id=\"yLYD8eRD2eJg\"><a class=\"brz-a brz-btn brz-css-d-button brz-css-1k5nsl4 brz-css-d-button-bg brz-css-1py3dmt\" target=\"_blank\" rel=\"noopener noreferrer\" href=\"https:\/\/cees-montenegro.org\/wp-content\/uploads\/2026\/02\/Bilans-uspjeha-2024.-CEES.pdf\" data-brz-link-type=\"upload\" data-brz-custom-id=\"efOaszk3llDI\"><span data-brz-translate-text=\"1\" class=\"brz-span brz-text__editor\">View more<\/span><\/a><\/div>\n<\/div>\n<\/div>\n<div class=\"brz-columns brz-css-d-column-column brz-css-15b3htb\" data-brz-custom-id=\"gPmcgU7ZsH1B\">\n<div class=\"brz-column__items brz-css-d-column-bg brz-css-pzx71l\">\n<div id=\"\" class=\"brz-css-d-wrapper brz-css-r-wrapper brz-css-1kxqxkb brz-wrapper\">\n<div class=\"brz-spacer brz-css-d-spacer brz-css-ur3q00\"><\/div>\n<\/div>\n<div id=\"\" class=\"brz-css-d-wrapper brz-css-1sl6wk brz-wrapper\">\n<div class=\"brz-rich-text brz-rich-text__custom brz-css-d-richtext brz-css-lrnje6\" data-brz-custom-id=\"nyRMh_43UYHD\">\n<div data-brz-translate-text=\"1\">\n<p class=\"brz-text-lg-center brz-tp-lg-empty brz-ff-playfair_display brz-ft-google brz-fs-lg-20 brz-fss-lg-px brz-fw-lg-400 brz-ls-lg-0 brz-lh-lg-1_8 brz-vfw-lg-400 brz-fwdth-lg-100 brz-fsft-lg-0 brz-mt-lg-0 brz-css-tVOaH\" data-uniq-id=\"uCTAT\" data-generated-css=\"brz-css-opTjB\"><strong class=\"brz-cp-color2 brz-bold-true\" style=\"color: rgb(7, 30, 87);\">Balance Sheet for 2024<\/strong><\/p>\n<\/div>\n<\/div>\n<\/div>\n<div id=\"\" class=\"brz-css-d-wrapper brz-css-r-wrapper brz-css-xhhdpp brz-wrapper\">\n<div class=\"brz-spacer brz-css-d-spacer brz-css-1qxman\"><\/div>\n<\/div>\n<div class=\"brz-wrapper-clone brz-flex-xs-wrap brz-css-d-cloneable brz-css-92b6f2\" data-brz-custom-id=\"ey5FtSTWpEja\"><a class=\"brz-a brz-btn brz-css-d-button brz-css-1swna66 brz-css-d-button-bg brz-css-54jv4t\" target=\"_blank\" rel=\"noopener noreferrer\" href=\"https:\/\/cees-montenegro.org\/wp-content\/uploads\/2026\/02\/Bilans-stanja-CEES-2024.pdf\" data-brz-link-type=\"upload\" data-brz-custom-id=\"oqh11NVjxWQ4\"><span data-brz-translate-text=\"1\" class=\"brz-span brz-text__editor\">View more<\/span><\/a><\/div>\n<\/div>\n<\/div>\n<div class=\"brz-columns brz-css-d-column-column brz-css-by2bpw\" data-brz-custom-id=\"qZK5Bo15osYr\">\n<div class=\"brz-column__items brz-css-d-column-bg brz-css-lbkt4d\">\n<div id=\"\" class=\"brz-css-d-wrapper brz-css-r-wrapper brz-css-5kng7c brz-wrapper\">\n<div class=\"brz-spacer brz-css-d-spacer brz-css-1hzvk2p\"><\/div>\n<\/div>\n<div id=\"\" class=\"brz-css-d-wrapper brz-css-bf38oh brz-wrapper\">\n<div class=\"brz-rich-text brz-rich-text__custom brz-css-d-richtext brz-css-9hxweo\" data-brz-custom-id=\"kZWayZAG19aK\">\n<div data-brz-translate-text=\"1\">\n<p class=\"brz-mt-lg-0 brz-fsft-lg-0 brz-fwdth-lg-100 brz-vfw-lg-400 brz-lh-lg-1_8 brz-ls-lg-0 brz-fw-lg-400 brz-fss-lg-px brz-fs-lg-20 brz-ft-google brz-ff-playfair_display brz-tp-lg-empty brz-text-lg-center brz-css-b4oyo\" data-generated-css=\"brz-css-fVk5s\" data-uniq-id=\"wou9e\"><strong class=\"brz-bold-true brz-cp-color2\" style=\"color: rgb(7, 30, 87);\">Corporate Income Tax Return<\/strong><\/p>\n<\/div>\n<\/div>\n<\/div>\n<div id=\"\" class=\"brz-css-d-wrapper brz-css-r-wrapper brz-css-scrix3 brz-wrapper\">\n<div class=\"brz-spacer brz-css-d-spacer brz-css-131kuzo\"><\/div>\n<\/div>\n<div class=\"brz-wrapper-clone brz-flex-xs-wrap brz-css-d-cloneable brz-css-1utqk18\" data-brz-custom-id=\"zWvKWPRMWRyV\"><a class=\"brz-a brz-btn brz-css-d-button brz-css-1d67qap brz-css-d-button-bg brz-css-14tnhdc\" target=\"_blank\" rel=\"noopener noreferrer\" href=\"https:\/\/cees-montenegro.org\/wp-content\/uploads\/2026\/02\/Prijava-poreza-na-dobit-11082157-PG-33260-25-1-1.pdf\" data-brz-link-type=\"upload\" data-brz-custom-id=\"jc8IMY9VS3ZR\"><span data-brz-translate-text=\"1\" class=\"brz-span brz-text__editor\">View more<\/span><\/a><\/div>\n<\/div>\n<\/div>\n<\/div>\n<\/div>\n<\/div>\n<\/div>\n<\/section><\/div>\n<p><!-- version:1771713425 --><\/p>","protected":false},"excerpt":{"rendered":"<p>Izvje\u0161taji Godi\u0161nji izvje\u0161taj 2023 Pogledajte vi\u0161e Godi\u0161nji izvje\u0161taj 2024 Pogledajte vi\u0161e Statisti\u010dki aneks Pogledajte vi\u0161e Bilans uspijeha za 2024 Pogledajte vi\u0161e Bilans stanja za 2024 Pogledajte vi\u0161e Prijava poreza na dobit Pogledajte vi\u0161e<\/p>","protected":false},"author":1,"featured_media":0,"parent":0,"menu_order":0,"comment_status":"closed","ping_status":"closed","template":"brizy-blank-template.php","meta":{"footnotes":""},"class_list":["post-59","page","type-page","status-publish","hentry","entry"],"brizy_media":[{"id":210,"url":"https:\/\/cees-montenegro.org\/wp-content\/uploads\/2026\/02\/analytics-personal-phone-team-financial-scaled.jpg","name":"analytics-personal-phone-team-financial.jpg","meta":{"brizy_attachment_uid":"wp-727112eb8d1a22af2df330f0786f4fff.jpg","brizy_post_uid":["b78c0855fff2b4f894a0e9024c9c92fb"]}},{"id":331,"url":"https:\/\/cees-montenegro.org\/wp-content\/uploads\/2026\/02\/stack-various-business-documents-neatly-arranged-modern-computer-office-setting-with-soft-natural-lighting-scaled.jpg","name":"stack-various-business-documents-neatly-arranged-modern-computer-office-setting-with-soft-natural-lighting.jpg","meta":{"brizy_attachment_uid":"wp-b7ad2795f768fe614574b61df97fd63f.jpg","brizy_post_uid":["b78c0855fff2b4f894a0e9024c9c92fb"]}},{"id":351,"url":"https:\/\/cees-montenegro.org\/wp-content\/uploads\/2026\/02\/closeup-bulletin-board-covered-colorful-fliers-posters-1-scaled.jpg","name":"closeup-bulletin-board-covered-colorful-fliers-posters-1.jpg","meta":{"brizy_attachment_uid":"wp-d925a69da192ee4aaf8b296a2846b561.jpg","brizy_post_uid":["b78c0855fff2b4f894a0e9024c9c92fb"]}}],"_links":{"self":[{"href":"https:\/\/cees-montenegro.org\/en\/wp-json\/wp\/v2\/pages\/59","targetHints":{"allow":["GET"]}}],"collection":[{"href":"https:\/\/cees-montenegro.org\/en\/wp-json\/wp\/v2\/pages"}],"about":[{"href":"https:\/\/cees-montenegro.org\/en\/wp-json\/wp\/v2\/types\/page"}],"author":[{"embeddable":true,"href":"https:\/\/cees-montenegro.org\/en\/wp-json\/wp\/v2\/users\/1"}],"replies":[{"embeddable":true,"href":"https:\/\/cees-montenegro.org\/en\/wp-json\/wp\/v2\/comments?post=59"}],"version-history":[{"count":4,"href":"https:\/\/cees-montenegro.org\/en\/wp-json\/wp\/v2\/pages\/59\/revisions"}],"predecessor-version":[{"id":520,"href":"https:\/\/cees-montenegro.org\/en\/wp-json\/wp\/v2\/pages\/59\/revisions\/520"}],"wp:attachment":[{"href":"https:\/\/cees-montenegro.org\/en\/wp-json\/wp\/v2\/media?parent=59"}],"curies":[{"name":"wp","href":"https:\/\/api.w.org\/{rel}","templated":true}]}}